{"id":136,"date":"2023-04-23T11:35:26","date_gmt":"2023-04-23T11:35:26","guid":{"rendered":"https:\/\/grovako.nl\/?page_id=136"},"modified":"2023-05-07T18:39:21","modified_gmt":"2023-05-07T16:39:21","slug":"projecten","status":"publish","type":"page","link":"https:\/\/grovako.nl\/?page_id=136","title":{"rendered":"Projecten"},"content":{"rendered":"\n<p class=\"has-black-color has-text-color\">Begeleiding van projecten in de machine- en werktuigbouw , maar \u00f3\u00f3k uitvoering en ontwerp van producten of wijzigingen daaraan, behoren tot onze activiteiten.<br>Met name kleinschalige aanpassingen\/verbeteringen aan (productie)units zijn onze core-business.<br>Hier kunnen juist h\u00e9\u00e9l kleine storingen h\u00e9\u00e9l grote gevolgen hebben.<br>In overleg met de opdrachtgever kunnen we voor uw projecten een actieplan maken met of voor een v\u00f3\u00f3raf vastgesteld budget.<\/p>\n\n\n\n<p class=\"has-black-color has-text-color\">Omdat we werken met voor ons bekende toeleveranciers en machinefabrieken, kunnen we het meeste in eigen hand houden.<br>Dat betekent dat nodige revisies snel kunnen worden uitgevoerd en <strong><a href=\"http:\/\/grovako.nl\/?page_id=595\">onderdelen<\/a><\/strong> snel beschikbaar zijn.<br>Een eventuele stilstand kan dan tot het minimum worden beperkt.<\/p>\n","protected":false},"excerpt":{"rendered":"<p>Begeleiding van projecten in de machine- en werktuigbouw , maar \u00f3\u00f3k uitvoering en ontwerp van producten of wijzigingen daaraan, behoren<\/p>\n","protected":false},"author":1,"featured_media":0,"parent":0,"menu_order":0,"comment_status":"closed","ping_status":"closed","template":"","meta":{"colormag_page_container_layout":"default_layout","colormag_page_sidebar_layout":"default_layout","footnotes":""},"class_list":["post-136","page","type-page","status-publish","hentry"],"yoast_head":"<!-- This site is optimized with the Yoast SEO plugin v27.5 - https:\/\/yoast.com\/product\/yoast-seo-wordpress\/ -->\n<title>Projecten - Grovako Nijmegen<\/title>\n<meta name=\"description\" content=\"Begeleiding van projecten in de machine- en werktuigbouw , maar \u00f3\u00f3k uitvoering en ontwerp, behoren tot onze activiteiten.\" \/>\n<meta name=\"robots\" content=\"index, follow, max-snippet:-1, max-image-preview:large, max-video-preview:-1\" \/>\n<link rel=\"canonical\" href=\"https:\/\/grovako.nl\/?page_id=136\" \/>\n<meta property=\"og:locale\" content=\"nl_NL\" \/>\n<meta property=\"og:type\" content=\"article\" \/>\n<meta property=\"og:title\" content=\"Projecten - Grovako Nijmegen\" \/>\n<meta property=\"og:description\" content=\"Begeleiding van projecten in de machine- en werktuigbouw , maar \u00f3\u00f3k uitvoering en ontwerp, behoren tot onze activiteiten.\" \/>\n<meta property=\"og:url\" content=\"https:\/\/grovako.nl\/?page_id=136\" \/>\n<meta property=\"og:site_name\" content=\"Grovako Nijmegen\" \/>\n<meta property=\"article:modified_time\" content=\"2023-05-07T16:39:21+00:00\" \/>\n<meta name=\"twitter:card\" content=\"summary_large_image\" \/>\n<meta name=\"twitter:label1\" content=\"Geschatte leestijd\" \/>\n\t<meta name=\"twitter:data1\" content=\"1 minuut\" \/>\n<script type=\"application\/ld+json\" class=\"yoast-schema-graph\">{\"@context\":\"https:\\\/\\\/schema.org\",\"@graph\":[{\"@type\":\"WebPage\",\"@id\":\"https:\\\/\\\/grovako.nl\\\/?page_id=136\",\"url\":\"https:\\\/\\\/grovako.nl\\\/?page_id=136\",\"name\":\"Projecten - Grovako Nijmegen\",\"isPartOf\":{\"@id\":\"https:\\\/\\\/grovako.nl\\\/#website\"},\"datePublished\":\"2023-04-23T11:35:26+00:00\",\"dateModified\":\"2023-05-07T16:39:21+00:00\",\"description\":\"Begeleiding van projecten in de machine- en werktuigbouw , maar \u00f3\u00f3k uitvoering en ontwerp, behoren tot onze activiteiten.\",\"breadcrumb\":{\"@id\":\"https:\\\/\\\/grovako.nl\\\/?page_id=136#breadcrumb\"},\"inLanguage\":\"nl-NL\",\"potentialAction\":[{\"@type\":\"ReadAction\",\"target\":[\"https:\\\/\\\/grovako.nl\\\/?page_id=136\"]}]},{\"@type\":\"BreadcrumbList\",\"@id\":\"https:\\\/\\\/grovako.nl\\\/?page_id=136#breadcrumb\",\"itemListElement\":[{\"@type\":\"ListItem\",\"position\":1,\"name\":\"Home\",\"item\":\"https:\\\/\\\/grovako.nl\\\/\"},{\"@type\":\"ListItem\",\"position\":2,\"name\":\"Projecten\"}]},{\"@type\":\"WebSite\",\"@id\":\"https:\\\/\\\/grovako.nl\\\/#website\",\"url\":\"https:\\\/\\\/grovako.nl\\\/\",\"name\":\"Grovako Nijmegen\",\"description\":\"De site voor uw technische aangelegenheden.\",\"publisher\":{\"@id\":\"https:\\\/\\\/grovako.nl\\\/#organization\"},\"potentialAction\":[{\"@type\":\"SearchAction\",\"target\":{\"@type\":\"EntryPoint\",\"urlTemplate\":\"https:\\\/\\\/grovako.nl\\\/?s={search_term_string}\"},\"query-input\":{\"@type\":\"PropertyValueSpecification\",\"valueRequired\":true,\"valueName\":\"search_term_string\"}}],\"inLanguage\":\"nl-NL\"},{\"@type\":\"Organization\",\"@id\":\"https:\\\/\\\/grovako.nl\\\/#organization\",\"name\":\"Grovako Nijmegen\",\"url\":\"https:\\\/\\\/grovako.nl\\\/\",\"logo\":{\"@type\":\"ImageObject\",\"inLanguage\":\"nl-NL\",\"@id\":\"https:\\\/\\\/grovako.nl\\\/#\\\/schema\\\/logo\\\/image\\\/\",\"url\":\"https:\\\/\\\/grovako.nl\\\/wp-content\\\/uploads\\\/2023\\\/04\\\/grovako-logo-beeld_12.png\",\"contentUrl\":\"https:\\\/\\\/grovako.nl\\\/wp-content\\\/uploads\\\/2023\\\/04\\\/grovako-logo-beeld_12.png\",\"width\":100,\"height\":66,\"caption\":\"Grovako Nijmegen\"},\"image\":{\"@id\":\"https:\\\/\\\/grovako.nl\\\/#\\\/schema\\\/logo\\\/image\\\/\"}}]}<\/script>\n<!-- \/ Yoast SEO plugin. -->","yoast_head_json":{"title":"Projecten - Grovako Nijmegen","description":"Begeleiding van projecten in de machine- en werktuigbouw , maar \u00f3\u00f3k uitvoering en ontwerp, behoren tot onze activiteiten.","robots":{"index":"index","follow":"follow","max-snippet":"max-snippet:-1","max-image-preview":"max-image-preview:large","max-video-preview":"max-video-preview:-1"},"canonical":"https:\/\/grovako.nl\/?page_id=136","og_locale":"nl_NL","og_type":"article","og_title":"Projecten - Grovako Nijmegen","og_description":"Begeleiding van projecten in de machine- en werktuigbouw , maar \u00f3\u00f3k uitvoering en ontwerp, behoren tot onze activiteiten.","og_url":"https:\/\/grovako.nl\/?page_id=136","og_site_name":"Grovako Nijmegen","article_modified_time":"2023-05-07T16:39:21+00:00","twitter_card":"summary_large_image","twitter_misc":{"Geschatte leestijd":"1 minuut"},"schema":{"@context":"https:\/\/schema.org","@graph":[{"@type":"WebPage","@id":"https:\/\/grovako.nl\/?page_id=136","url":"https:\/\/grovako.nl\/?page_id=136","name":"Projecten - Grovako Nijmegen","isPartOf":{"@id":"https:\/\/grovako.nl\/#website"},"datePublished":"2023-04-23T11:35:26+00:00","dateModified":"2023-05-07T16:39:21+00:00","description":"Begeleiding van projecten in de machine- en werktuigbouw , maar \u00f3\u00f3k uitvoering en ontwerp, behoren tot onze activiteiten.","breadcrumb":{"@id":"https:\/\/grovako.nl\/?page_id=136#breadcrumb"},"inLanguage":"nl-NL","potentialAction":[{"@type":"ReadAction","target":["https:\/\/grovako.nl\/?page_id=136"]}]},{"@type":"BreadcrumbList","@id":"https:\/\/grovako.nl\/?page_id=136#breadcrumb","itemListElement":[{"@type":"ListItem","position":1,"name":"Home","item":"https:\/\/grovako.nl\/"},{"@type":"ListItem","position":2,"name":"Projecten"}]},{"@type":"WebSite","@id":"https:\/\/grovako.nl\/#website","url":"https:\/\/grovako.nl\/","name":"Grovako Nijmegen","description":"De site voor uw technische aangelegenheden.","publisher":{"@id":"https:\/\/grovako.nl\/#organization"},"potentialAction":[{"@type":"SearchAction","target":{"@type":"EntryPoint","urlTemplate":"https:\/\/grovako.nl\/?s={search_term_string}"},"query-input":{"@type":"PropertyValueSpecification","valueRequired":true,"valueName":"search_term_string"}}],"inLanguage":"nl-NL"},{"@type":"Organization","@id":"https:\/\/grovako.nl\/#organization","name":"Grovako Nijmegen","url":"https:\/\/grovako.nl\/","logo":{"@type":"ImageObject","inLanguage":"nl-NL","@id":"https:\/\/grovako.nl\/#\/schema\/logo\/image\/","url":"https:\/\/grovako.nl\/wp-content\/uploads\/2023\/04\/grovako-logo-beeld_12.png","contentUrl":"https:\/\/grovako.nl\/wp-content\/uploads\/2023\/04\/grovako-logo-beeld_12.png","width":100,"height":66,"caption":"Grovako Nijmegen"},"image":{"@id":"https:\/\/grovako.nl\/#\/schema\/logo\/image\/"}}]}},"_links":{"self":[{"href":"https:\/\/grovako.nl\/index.php?rest_route=\/wp\/v2\/pages\/136","targetHints":{"allow":["GET"]}}],"collection":[{"href":"https:\/\/grovako.nl\/index.php?rest_route=\/wp\/v2\/pages"}],"about":[{"href":"https:\/\/grovako.nl\/index.php?rest_route=\/wp\/v2\/types\/page"}],"author":[{"embeddable":true,"href":"https:\/\/grovako.nl\/index.php?rest_route=\/wp\/v2\/users\/1"}],"replies":[{"embeddable":true,"href":"https:\/\/grovako.nl\/index.php?rest_route=%2Fwp%2Fv2%2Fcomments&post=136"}],"version-history":[{"count":5,"href":"https:\/\/grovako.nl\/index.php?rest_route=\/wp\/v2\/pages\/136\/revisions"}],"predecessor-version":[{"id":728,"href":"https:\/\/grovako.nl\/index.php?rest_route=\/wp\/v2\/pages\/136\/revisions\/728"}],"wp:attachment":[{"href":"https:\/\/grovako.nl\/index.php?rest_route=%2Fwp%2Fv2%2Fmedia&parent=136"}],"curies":[{"name":"wp","href":"https:\/\/api.w.org\/{rel}","templated":true}]}}