{"id":182,"date":"2023-04-23T18:24:20","date_gmt":"2023-04-23T18:24:20","guid":{"rendered":"https:\/\/grovako.nl\/?page_id=182"},"modified":"2023-05-04T12:09:08","modified_gmt":"2023-05-04T10:09:08","slug":"diensten","status":"publish","type":"page","link":"https:\/\/grovako.nl\/?page_id=182","title":{"rendered":"Diensten"},"content":{"rendered":"\n<p class=\"has-black-color has-text-color\"><strong>Overige werktuigbouwkundige diensten<\/strong><\/p>\n\n\n\n<p class=\"has-black-color has-text-color\"><em>Buiten het tekenwerk bieden wij uw bedrijf ook andere diensten aan rondom werktuigbouwkunde.<\/em><\/p>\n\n\n\n<p class=\"has-black-color has-text-color\"><strong>Archivering tekeningen systeem<\/strong><br>Voor bedrijven is het belangrijk om tekeningen gemakkelijk te kunnen terugvinden en om ze up-to-date te houden. Een goed systeem van archivering is dan ook belangrijk. Wij kunnen dit archief voor u in beheer nemen. Wij hebben ervaring met databases zoals Bluecielo Meridian en AutoDesk Vault.<div class=\"show_more\"><p class=\"wpsm-show\" style=\"color: #cc0000; font-size: 100%; text-align: left;\"> lees meer<\/p><div class=\"wpsm-content\"><\/p>\n\n\n\n<p class=\"has-black-color has-text-color\"><strong>Werkvoorbereiding voor onderhouds- of productieorganisaties<\/strong><br>Wij kunnen op uw locatie mensen regelen die de werkvoorbereiding verzorgen. Dit kan bestaan uit het maken van calculaties, offertes aanvragen en vergelijken, contacten onderhouden met leveranciers, onderhoudsklussen begeleiden, verbeter voorstellen uitwerken en nog veel meer.<br>Onze mensen hebben ervaring met o.m. Office 365, en SAP onderhoudssysteem.<\/p>\n\n\n\n<p class=\"has-black-color has-text-color\"><strong>Werktuigbouwkundige berekeningen uitwerken<\/strong><br>Wij kunnen berekeningen uitwerken voor constructies, leidingssystemen, etc. Eventueel kunnen wij ook rekenbladen (in Excel) voor u maken welke u voor elke nieuwe situatie weer opnieuw kunt invullen met actuele gegevens.<\/p>\n\n\n\n<p class=\"has-black-color has-text-color\"><strong>Leveren van onderdelen of bouwen van prototypes<\/strong><br>In de loop der jaren hebben wij diverse contacten opgedaan met technische bedrijven in verschillende branches. In samenwerken met deze bedrijven zijn wij in staat om niet alleen onderdelen of artikelen voor u uit te werken op papier, maar ook om deze te laten maken. Dit kan simpel draaiwerk zijn of plaatwerken, maar ook een complete constructie. Op deze manier kunt u veel technische zaken door \u00e9\u00e9n en hetzelfde bedrijf laten verzorgen.<\/p>\n\n\n\n<p class=\"has-black-color has-text-color\"><strong>Trouble shooting<\/strong><br>Onverwachte <strong><a href=\"http:\/\/grovako.nl\/?page_id=587\">storingen<\/a><\/strong> in productie-units en\/of -machines kunnen flinke kosten met zich meebrengen.<br>Deze storingen kunnen het gevolg zijn van spontaan optredende defecten, maar \u00f3\u00f3k repeterend zijn.<br>D\u00e1\u00e1r kunnen we wat aan doen.<br>We kunnen het probleem lokaliseren en in overleg bepalen wat we er aan kunnen doen.<\/p>\n\n\n\n<p class=\"has-black-color has-text-color\">Wij zijn met eigen meetapparatuur ook gespecialiseerd in lager- en <a href=\"http:\/\/grovako.nl\/?page_id=581\"><strong>trillingsmetingen<\/strong><\/a> in productie-units.<br>Het voortijdig opsporen van disfunctioneren van \u00e9\u00e9n of meerdere lagers in een productie-unit kan veel vervolgschade en productie-uitval voorkomen.<br>Lagers kunnen we na vervanging analyseren om te bepalen wat de oorzaak van de (lager)schade is en om deze in de toekomst te voorkomen.<br>Een komplete rapportage verzorgen wij daar dan vervolgens van met de aanbevelingen.<\/p>\n\n\n\n<p class=\"has-black-color has-text-color\">Oplossen kan vaak h\u00e9\u00e9l simpel zijn.<br>In eigen beheer kunnen we veelal de nodige onderdelen aanmaken en toepassen, wat opheffen van de storing versnelt.<br>Overigens, we kunnen \u00f3\u00f3k all\u00e9\u00e9n assistentie verlenen bij u op inleenbasis. <br>Klik <strong><a href=\"http:\/\/grovako.nl\/?page_id=100\">HIER<\/a><\/strong> voor meer informatie en een aanvraag of offerte.<\/p>\n\n\n\n<p class=\"has-black-color has-text-color\"> <p class=\"wpsm-hide\" style=\"color: #cc0000; font-size: 100%; text-align: left;\"> minder<\/p><\/div><\/div><\/p>\n","protected":false},"excerpt":{"rendered":"<p>Overige werktuigbouwkundige diensten Buiten het tekenwerk bieden wij uw bedrijf ook andere diensten aan rondom werktuigbouwkunde. Archivering tekeningen systeemVoor bedrijven<\/p>\n","protected":false},"author":1,"featured_media":0,"parent":0,"menu_order":0,"comment_status":"closed","ping_status":"closed","template":"","meta":{"colormag_page_container_layout":"default_layout","colormag_page_sidebar_layout":"default_layout","footnotes":""},"class_list":["post-182","page","type-page","status-publish","hentry"],"yoast_head":"<!-- This site is optimized with the Yoast SEO plugin v27.5 - https:\/\/yoast.com\/product\/yoast-seo-wordpress\/ -->\n<title>Diensten - Grovako Nijmegen<\/title>\n<meta name=\"robots\" content=\"index, follow, max-snippet:-1, max-image-preview:large, max-video-preview:-1\" \/>\n<link rel=\"canonical\" href=\"https:\/\/grovako.nl\/?page_id=182\" \/>\n<meta property=\"og:locale\" content=\"nl_NL\" \/>\n<meta property=\"og:type\" content=\"article\" \/>\n<meta property=\"og:title\" content=\"Diensten - Grovako Nijmegen\" \/>\n<meta property=\"og:description\" content=\"Overige werktuigbouwkundige diensten Buiten het tekenwerk bieden wij uw bedrijf ook andere diensten aan rondom werktuigbouwkunde. Archivering tekeningen systeemVoor bedrijven\" \/>\n<meta property=\"og:url\" content=\"https:\/\/grovako.nl\/?page_id=182\" \/>\n<meta property=\"og:site_name\" content=\"Grovako Nijmegen\" \/>\n<meta property=\"article:modified_time\" content=\"2023-05-04T10:09:08+00:00\" \/>\n<meta name=\"twitter:card\" content=\"summary_large_image\" \/>\n<meta name=\"twitter:label1\" content=\"Geschatte leestijd\" \/>\n\t<meta name=\"twitter:data1\" content=\"2 minuten\" \/>\n<script type=\"application\/ld+json\" class=\"yoast-schema-graph\">{\"@context\":\"https:\\\/\\\/schema.org\",\"@graph\":[{\"@type\":\"WebPage\",\"@id\":\"https:\\\/\\\/grovako.nl\\\/?page_id=182\",\"url\":\"https:\\\/\\\/grovako.nl\\\/?page_id=182\",\"name\":\"Diensten - Grovako Nijmegen\",\"isPartOf\":{\"@id\":\"https:\\\/\\\/grovako.nl\\\/#website\"},\"datePublished\":\"2023-04-23T18:24:20+00:00\",\"dateModified\":\"2023-05-04T10:09:08+00:00\",\"breadcrumb\":{\"@id\":\"https:\\\/\\\/grovako.nl\\\/?page_id=182#breadcrumb\"},\"inLanguage\":\"nl-NL\",\"potentialAction\":[{\"@type\":\"ReadAction\",\"target\":[\"https:\\\/\\\/grovako.nl\\\/?page_id=182\"]}]},{\"@type\":\"BreadcrumbList\",\"@id\":\"https:\\\/\\\/grovako.nl\\\/?page_id=182#breadcrumb\",\"itemListElement\":[{\"@type\":\"ListItem\",\"position\":1,\"name\":\"Home\",\"item\":\"https:\\\/\\\/grovako.nl\\\/\"},{\"@type\":\"ListItem\",\"position\":2,\"name\":\"Diensten\"}]},{\"@type\":\"WebSite\",\"@id\":\"https:\\\/\\\/grovako.nl\\\/#website\",\"url\":\"https:\\\/\\\/grovako.nl\\\/\",\"name\":\"Grovako Nijmegen\",\"description\":\"De site voor uw technische aangelegenheden.\",\"publisher\":{\"@id\":\"https:\\\/\\\/grovako.nl\\\/#organization\"},\"potentialAction\":[{\"@type\":\"SearchAction\",\"target\":{\"@type\":\"EntryPoint\",\"urlTemplate\":\"https:\\\/\\\/grovako.nl\\\/?s={search_term_string}\"},\"query-input\":{\"@type\":\"PropertyValueSpecification\",\"valueRequired\":true,\"valueName\":\"search_term_string\"}}],\"inLanguage\":\"nl-NL\"},{\"@type\":\"Organization\",\"@id\":\"https:\\\/\\\/grovako.nl\\\/#organization\",\"name\":\"Grovako Nijmegen\",\"url\":\"https:\\\/\\\/grovako.nl\\\/\",\"logo\":{\"@type\":\"ImageObject\",\"inLanguage\":\"nl-NL\",\"@id\":\"https:\\\/\\\/grovako.nl\\\/#\\\/schema\\\/logo\\\/image\\\/\",\"url\":\"https:\\\/\\\/grovako.nl\\\/wp-content\\\/uploads\\\/2023\\\/04\\\/grovako-logo-beeld_12.png\",\"contentUrl\":\"https:\\\/\\\/grovako.nl\\\/wp-content\\\/uploads\\\/2023\\\/04\\\/grovako-logo-beeld_12.png\",\"width\":100,\"height\":66,\"caption\":\"Grovako Nijmegen\"},\"image\":{\"@id\":\"https:\\\/\\\/grovako.nl\\\/#\\\/schema\\\/logo\\\/image\\\/\"}}]}<\/script>\n<!-- \/ Yoast SEO plugin. -->","yoast_head_json":{"title":"Diensten - Grovako Nijmegen","robots":{"index":"index","follow":"follow","max-snippet":"max-snippet:-1","max-image-preview":"max-image-preview:large","max-video-preview":"max-video-preview:-1"},"canonical":"https:\/\/grovako.nl\/?page_id=182","og_locale":"nl_NL","og_type":"article","og_title":"Diensten - Grovako Nijmegen","og_description":"Overige werktuigbouwkundige diensten Buiten het tekenwerk bieden wij uw bedrijf ook andere diensten aan rondom werktuigbouwkunde. Archivering tekeningen systeemVoor bedrijven","og_url":"https:\/\/grovako.nl\/?page_id=182","og_site_name":"Grovako Nijmegen","article_modified_time":"2023-05-04T10:09:08+00:00","twitter_card":"summary_large_image","twitter_misc":{"Geschatte leestijd":"2 minuten"},"schema":{"@context":"https:\/\/schema.org","@graph":[{"@type":"WebPage","@id":"https:\/\/grovako.nl\/?page_id=182","url":"https:\/\/grovako.nl\/?page_id=182","name":"Diensten - Grovako Nijmegen","isPartOf":{"@id":"https:\/\/grovako.nl\/#website"},"datePublished":"2023-04-23T18:24:20+00:00","dateModified":"2023-05-04T10:09:08+00:00","breadcrumb":{"@id":"https:\/\/grovako.nl\/?page_id=182#breadcrumb"},"inLanguage":"nl-NL","potentialAction":[{"@type":"ReadAction","target":["https:\/\/grovako.nl\/?page_id=182"]}]},{"@type":"BreadcrumbList","@id":"https:\/\/grovako.nl\/?page_id=182#breadcrumb","itemListElement":[{"@type":"ListItem","position":1,"name":"Home","item":"https:\/\/grovako.nl\/"},{"@type":"ListItem","position":2,"name":"Diensten"}]},{"@type":"WebSite","@id":"https:\/\/grovako.nl\/#website","url":"https:\/\/grovako.nl\/","name":"Grovako Nijmegen","description":"De site voor uw technische aangelegenheden.","publisher":{"@id":"https:\/\/grovako.nl\/#organization"},"potentialAction":[{"@type":"SearchAction","target":{"@type":"EntryPoint","urlTemplate":"https:\/\/grovako.nl\/?s={search_term_string}"},"query-input":{"@type":"PropertyValueSpecification","valueRequired":true,"valueName":"search_term_string"}}],"inLanguage":"nl-NL"},{"@type":"Organization","@id":"https:\/\/grovako.nl\/#organization","name":"Grovako Nijmegen","url":"https:\/\/grovako.nl\/","logo":{"@type":"ImageObject","inLanguage":"nl-NL","@id":"https:\/\/grovako.nl\/#\/schema\/logo\/image\/","url":"https:\/\/grovako.nl\/wp-content\/uploads\/2023\/04\/grovako-logo-beeld_12.png","contentUrl":"https:\/\/grovako.nl\/wp-content\/uploads\/2023\/04\/grovako-logo-beeld_12.png","width":100,"height":66,"caption":"Grovako Nijmegen"},"image":{"@id":"https:\/\/grovako.nl\/#\/schema\/logo\/image\/"}}]}},"_links":{"self":[{"href":"https:\/\/grovako.nl\/index.php?rest_route=\/wp\/v2\/pages\/182","targetHints":{"allow":["GET"]}}],"collection":[{"href":"https:\/\/grovako.nl\/index.php?rest_route=\/wp\/v2\/pages"}],"about":[{"href":"https:\/\/grovako.nl\/index.php?rest_route=\/wp\/v2\/types\/page"}],"author":[{"embeddable":true,"href":"https:\/\/grovako.nl\/index.php?rest_route=\/wp\/v2\/users\/1"}],"replies":[{"embeddable":true,"href":"https:\/\/grovako.nl\/index.php?rest_route=%2Fwp%2Fv2%2Fcomments&post=182"}],"version-history":[{"count":9,"href":"https:\/\/grovako.nl\/index.php?rest_route=\/wp\/v2\/pages\/182\/revisions"}],"predecessor-version":[{"id":592,"href":"https:\/\/grovako.nl\/index.php?rest_route=\/wp\/v2\/pages\/182\/revisions\/592"}],"wp:attachment":[{"href":"https:\/\/grovako.nl\/index.php?rest_route=%2Fwp%2Fv2%2Fmedia&parent=182"}],"curies":[{"name":"wp","href":"https:\/\/api.w.org\/{rel}","templated":true}]}}